{"id":12857,"date":"2025-06-02T15:12:49","date_gmt":"2025-06-02T13:12:49","guid":{"rendered":"https:\/\/www.finquestarragona.com\/politica-de-privacidad\/"},"modified":"2025-12-15T10:26:24","modified_gmt":"2025-12-15T09:26:24","slug":"politica-de-privacidad","status":"publish","type":"page","link":"https:\/\/www.finquestarragona.com\/es\/politica-de-privacidad\/","title":{"rendered":"Pol\u00edtica de privacidad"},"content":{"rendered":"\t\t<div data-elementor-type=\"wp-page\" data-elementor-id=\"12857\" class=\"elementor elementor-12857 elementor-10357\" data-elementor-post-type=\"page\">\n\t\t\t\t<div class=\"elementor-element elementor-element-78f1d0e e-con-full e-flex e-con e-parent\" data-id=\"78f1d0e\" data-element_type=\"container\" data-e-type=\"container\" data-settings=\"{&quot;background_background&quot;:&quot;classic&quot;}\">\n\t\t<div class=\"elementor-element elementor-element-7242ab8 e-flex e-con-boxed e-con e-child\" data-id=\"7242ab8\" data-element_type=\"container\" data-e-type=\"container\" data-settings=\"{&quot;background_background&quot;:&quot;classic&quot;}\">\n\t\t\t\t\t<div class=\"e-con-inner\">\n\t\t\t\t\t<\/div>\n\t\t\t\t<\/div>\n\t\t\t\t<\/div>\n\t\t<div class=\"elementor-element elementor-element-fb950ec e-flex e-con-boxed e-con e-parent\" data-id=\"fb950ec\" data-element_type=\"container\" data-e-type=\"container\" data-settings=\"{&quot;background_background&quot;:&quot;classic&quot;}\">\n\t\t\t\t\t<div class=\"e-con-inner\">\n\t\t<div class=\"elementor-element elementor-element-e5a035b e-con-full e-flex e-con e-child\" data-id=\"e5a035b\" data-element_type=\"container\" data-e-type=\"container\" data-settings=\"{&quot;background_background&quot;:&quot;classic&quot;}\">\n\t\t<div class=\"elementor-element elementor-element-ca27bac e-con-full e-flex e-con e-child\" data-id=\"ca27bac\" data-element_type=\"container\" data-e-type=\"container\">\n\t\t<div class=\"elementor-element elementor-element-b03463c e-con-full e-flex e-con e-child\" data-id=\"b03463c\" data-element_type=\"container\" data-e-type=\"container\">\n\t\t\t\t<div class=\"elementor-element elementor-element-426a7fe elementor-view-default elementor-widget elementor-widget-icon\" data-id=\"426a7fe\" data-element_type=\"widget\" data-e-type=\"widget\" data-widget_type=\"icon.default\">\n\t\t\t\t<div class=\"elementor-widget-container\">\n\t\t\t\t\t\t\t<div class=\"elementor-icon-wrapper\">\n\t\t\t<div class=\"elementor-icon\">\n\t\t\t<svg xmlns=\"http:\/\/www.w3.org\/2000\/svg\" xmlns:xlink=\"http:\/\/www.w3.org\/1999\/xlink\" xmlns:serif=\"http:\/\/www.serif.com\/\" width=\"100%\" height=\"100%\" viewBox=\"0 0 683 683\" xml:space=\"preserve\" style=\"fill-rule:evenodd;clip-rule:evenodd;stroke-linejoin:round;stroke-miterlimit:2;\">    <g id=\"g2265\" transform=\"matrix(1.33333,0,0,-1.33333,0,682.667)\">        <g id=\"g2267\">            <g id=\"g2269\">                <clipPath id=\"_clip1\">                    <rect x=\"0\" y=\"0\" width=\"512\" height=\"512\"><\/rect>                <\/clipPath>                <g clip-path=\"url(#_clip1)\">                    <g id=\"g2275\" transform=\"matrix(1,0,0,1,266.252,281.06)\">                        <path d=\"M10.607,10.607C32.105,-10.892 39.618,-41.019 33.254,-68.609L109.602,-144.956C112.415,-147.769 113.995,-151.585 113.995,-155.563L113.995,-197.989C113.995,-205.139 108.948,-211.295 101.937,-212.698L66.582,-219.77C61.664,-220.753 56.58,-219.214 53.033,-215.668L-30.386,-132.249C-57.976,-138.612 -88.102,-131.101 -109.602,-109.6C-142.797,-76.405 -142.796,-22.587 -109.602,10.607C-76.408,43.801 -22.588,43.802 10.607,10.607ZM-10.607,-10.607C-32.086,10.872 -66.91,10.872 -88.388,-10.607C-109.867,-32.085 -109.867,-66.909 -88.388,-88.388C-72.882,-103.894 -50.435,-108.127 -31.061,-101.246C-25.608,-99.309 -19.527,-100.682 -15.434,-104.774L68.57,-188.778L83.995,-185.692L83.995,-161.776L5.779,-83.561C1.687,-79.468 0.314,-73.387 2.251,-67.933C9.133,-48.559 4.898,-26.112 -10.607,-10.607Z\"><\/path>                    <\/g>                    <g id=\"g2279\" transform=\"matrix(1,0,0,1,202.612,231.564)\">                        <path d=\"M10.607,-10.606C4.753,-16.46 -4.752,-16.461 -10.606,-10.607C-16.46,-4.753 -16.461,4.752 -10.607,10.606L3.535,24.749C9.389,30.603 18.894,30.604 24.748,24.75C30.602,18.896 30.603,9.391 24.749,3.537L10.607,-10.606Z\"><\/path>                    <\/g>                    <g id=\"g2283\" transform=\"matrix(1,0,0,1,36,15)\">                        <path d=\"M0,-15C-8.279,-15 -15,-8.279 -15,-0C-15,8.279 -8.279,15 -0,15L440,15C448.279,15 455,8.279 455,-0C455,-8.279 448.279,-15 440,-15L0,-15Z\"><\/path>                    <\/g>                    <g id=\"g2287\" transform=\"matrix(1,0,0,1,436,15)\">                        <path d=\"M15,-0C15,-8.279 8.279,-15 -0,-15C-8.279,-15 -15,-8.279 -15,0L-15,296.564C-15,304.843 -8.279,311.564 -0,311.564C8.279,311.564 15,304.843 15,296.564L15,-0Z\"><\/path>                    <\/g>                    <g id=\"g2291\" transform=\"matrix(1,0,0,1,76,311.565)\">                        <path d=\"M-15,-0C-15,8.279 -8.279,15 -0,15C8.279,15 15,8.279 15,-0L15,-296.564C15,-304.843 8.279,-311.564 -0,-311.564C-8.279,-311.564 -15,-304.843 -15,-296.564L-15,-0Z\"><\/path>                    <\/g>                    <g id=\"g2295\" transform=\"matrix(1,0,0,1,466.967,296.999)\">                        <path d=\"M0,-15C-8.543,-15 -17.191,-12.574 -24.848,-7.496L-210.967,115.998L-397.08,-7.491C-417.786,-21.239 -445.712,-15.584 -459.459,5.12L-459.463,5.125C-473.202,25.838 -467.549,53.762 -446.843,67.502L-235.848,207.497C-220.774,217.501 -201.159,217.501 -186.088,207.498L24.91,67.501C45.613,53.762 51.267,25.838 37.529,5.126L37.525,5.119C28.863,-7.925 14.567,-15 0,-15ZM0,15C4.863,15 9.638,17.358 12.531,21.712C17.108,28.617 15.223,37.925 8.322,42.505L-202.676,182.501C-207.699,185.835 -214.236,185.835 -219.26,182.501L-430.256,42.504C-437.158,37.924 -439.043,28.617 -434.465,21.711C-429.881,14.812 -420.575,12.919 -413.674,17.501L-219.26,146.499C-214.234,149.834 -207.7,149.834 -202.674,146.499L-8.268,17.506C-5.719,15.816 -2.843,15 0,15Z\"><\/path>                    <\/g>                <\/g>            <\/g>        <\/g>    <\/g><\/svg>\t\t\t<\/div>\n\t\t<\/div>\n\t\t\t\t\t\t<\/div>\n\t\t\t\t<\/div>\n\t\t\t\t<div class=\"elementor-element elementor-element-b199681 titseccion elementor-widget elementor-widget-heading\" data-id=\"b199681\" data-element_type=\"widget\" data-e-type=\"widget\" data-widget_type=\"heading.default\">\n\t\t\t\t<div class=\"elementor-widget-container\">\n\t\t\t\t\t<h1 class=\"elementor-heading-title elementor-size-default\"><strong>PROTECCI\u00d3N DE DATOS <\/strong> FINQUES TARRAGONA MONLLEO S.L.<\/h1>\t\t\t\t<\/div>\n\t\t\t\t<\/div>\n\t\t\t\t<\/div>\n\t\t\t\t<\/div>\n\t\t<div class=\"elementor-element elementor-element-d7bcc69 e-con-full e-flex e-con e-child\" data-id=\"d7bcc69\" data-element_type=\"container\" data-e-type=\"container\">\n\t\t<div class=\"elementor-element elementor-element-42bce0d e-con-full e-flex e-con e-child\" data-id=\"42bce0d\" data-element_type=\"container\" data-e-type=\"container\">\n\t\t\t\t<div class=\"elementor-element elementor-element-a9f1173 elementor-widget elementor-widget-text-editor\" data-id=\"a9f1173\" data-element_type=\"widget\" data-e-type=\"widget\" data-widget_type=\"text-editor.default\">\n\t\t\t\t<div class=\"elementor-widget-container\">\n\t\t\t\t\t\t\t\t\t<p>Somos una empresa en la que la transparencia en la informaci\u00f3n es fundamental para establecer una relaci\u00f3n de confianza con las personas que forman nuestro proyecto y con nuestros proveedores y clientes, siendo la protecci\u00f3n de los datos personales de las personas que conf\u00edan en nosotros de vital importancia, por lo que queremos mediante la presente pol\u00edtica de privacidad informarle sobre c\u00f3mo recabamos y c\u00f3mo tratamos o utilizamos estos datos.<\/p>\n<p>En esta pol\u00edtica de privacidad se establecen las bases sobre las que la empresa trata los datos de car\u00e1cter personal que voluntariamente nos facilitan nuestros usuarios a trav\u00e9s de la p\u00e1gina web.<\/p>\n<p>Esta pol\u00edtica siempre ser\u00e1 de aplicaci\u00f3n cuando se faciliten datos a la empresa, la cual ser\u00e1 responsable de sus datos (Responsable del Tratamiento de los Datos), ya trav\u00e9s de cualquiera de los formularios de contacto o suscripci\u00f3n donde se recojan datos de car\u00e1cter personal (nombre, email, etc.).<\/p>\n<p>&nbsp;<\/p>\n<h2 align=\"JUSTIFY\">A QU\u00c9 NOS COMPROMETEMOS<\/h2>\n<p><\/p>\n<ul>\n<li>\n<pre id=\"tw-target-text\" class=\"tw-data-text tw-text-large tw-ta\" dir=\"ltr\" tabindex=\"-1\" role=\"text\" data-placeholder=\"Traducci\u00f3n\" data-ved=\"2ahUKEwiL8bzIob-RAxXZU6QEHRl8OAYQ3ewLegQIDBAV\" aria-label=\"Texto traducido: A respetar la privacidad de nuestros usuarios y tratar sus datos personales con el consentimiento de los mismos.\r\n\r\nA tratar los datos personales que estrictamente necesitamos para dar el servicio solicitado, y tratarlos de forma segura y confidencial, tomando las medidas necesarias para evitar el acceso no autorizado y el uso indebido de los mismos.\r\n\r\nA no utilizar los datos personales para fines por los que no hemos obtenido previamente el consentimiento.\r\n\r\nA no dar los datos personales a terceros ni compartirlos.\r\n\r\nA conservar los datos personales durante el tiempo estrictamente necesario para la finalidad concreta por la que han sido proporcionados.\"><span class=\"Y2IQFc\" lang=\"es\">A respetar la privacidad de nuestros usuarios y tratar sus datos personales con el consentimiento de los mismos.<\/span><\/pre>\n<\/li>\n<li>\n<pre id=\"tw-target-text\" class=\"tw-data-text tw-text-large tw-ta\" dir=\"ltr\" tabindex=\"-1\" role=\"text\" data-placeholder=\"Traducci\u00f3n\" data-ved=\"2ahUKEwiL8bzIob-RAxXZU6QEHRl8OAYQ3ewLegQIDBAV\" aria-label=\"Texto traducido: A respetar la privacidad de nuestros usuarios y tratar sus datos personales con el consentimiento de los mismos.\r\n\r\nA tratar los datos personales que estrictamente necesitamos para dar el servicio solicitado, y tratarlos de forma segura y confidencial, tomando las medidas necesarias para evitar el acceso no autorizado y el uso indebido de los mismos.\r\n\r\nA no utilizar los datos personales para fines por los que no hemos obtenido previamente el consentimiento.\r\n\r\nA no dar los datos personales a terceros ni compartirlos.\r\n\r\nA conservar los datos personales durante el tiempo estrictamente necesario para la finalidad concreta por la que han sido proporcionados.\"><span class=\"Y2IQFc\" lang=\"es\">A tratar los datos personales que estrictamente necesitamos para dar el servicio solicitado, y tratarlos de forma segura y confidencial, tomando las medidas necesarias para evitar el acceso no autorizado y el uso indebido de los mismos.<\/span><\/pre>\n<\/li>\n<li>\n<pre id=\"tw-target-text\" class=\"tw-data-text tw-text-large tw-ta\" dir=\"ltr\" tabindex=\"-1\" role=\"text\" data-placeholder=\"Traducci\u00f3n\" data-ved=\"2ahUKEwiL8bzIob-RAxXZU6QEHRl8OAYQ3ewLegQIDBAV\" aria-label=\"Texto traducido: A respetar la privacidad de nuestros usuarios y tratar sus datos personales con el consentimiento de los mismos.\r\n\r\nA tratar los datos personales que estrictamente necesitamos para dar el servicio solicitado, y tratarlos de forma segura y confidencial, tomando las medidas necesarias para evitar el acceso no autorizado y el uso indebido de los mismos.\r\n\r\nA no utilizar los datos personales para fines por los que no hemos obtenido previamente el consentimiento.\r\n\r\nA no dar los datos personales a terceros ni compartirlos.\r\n\r\nA conservar los datos personales durante el tiempo estrictamente necesario para la finalidad concreta por la que han sido proporcionados.\"><span class=\"Y2IQFc\" lang=\"es\">A no utilizar los datos personales para fines por los que no hemos obtenido previamente el consentimiento.<\/span><\/pre>\n<\/li>\n<li>\n<pre id=\"tw-target-text\" class=\"tw-data-text tw-text-large tw-ta\" dir=\"ltr\" tabindex=\"-1\" role=\"text\" data-placeholder=\"Traducci\u00f3n\" data-ved=\"2ahUKEwiL8bzIob-RAxXZU6QEHRl8OAYQ3ewLegQIDBAV\" aria-label=\"Texto traducido: A respetar la privacidad de nuestros usuarios y tratar sus datos personales con el consentimiento de los mismos.\r\n\r\nA tratar los datos personales que estrictamente necesitamos para dar el servicio solicitado, y tratarlos de forma segura y confidencial, tomando las medidas necesarias para evitar el acceso no autorizado y el uso indebido de los mismos.\r\n\r\nA no utilizar los datos personales para fines por los que no hemos obtenido previamente el consentimiento.\r\n\r\nA no dar los datos personales a terceros ni compartirlos.\r\n\r\nA conservar los datos personales durante el tiempo estrictamente necesario para la finalidad concreta por la que han sido proporcionados.\"><span class=\"Y2IQFc\" lang=\"es\">A no dar los datos personales a terceros ni compartirlos.<\/span><\/pre>\n<\/li>\n<li>\n<pre id=\"tw-target-text\" class=\"tw-data-text tw-text-large tw-ta\" dir=\"ltr\" tabindex=\"-1\" role=\"text\" data-placeholder=\"Traducci\u00f3n\" data-ved=\"2ahUKEwiL8bzIob-RAxXZU6QEHRl8OAYQ3ewLegQIDBAV\" aria-label=\"Texto traducido: A respetar la privacidad de nuestros usuarios y tratar sus datos personales con el consentimiento de los mismos.\r\n\r\nA tratar los datos personales que estrictamente necesitamos para dar el servicio solicitado, y tratarlos de forma segura y confidencial, tomando las medidas necesarias para evitar el acceso no autorizado y el uso indebido de los mismos.\r\n\r\nA no utilizar los datos personales para fines por los que no hemos obtenido previamente el consentimiento.\r\n\r\nA no dar los datos personales a terceros ni compartirlos.\r\n\r\nA conservar los datos personales durante el tiempo estrictamente necesario para la finalidad concreta por la que han sido proporcionados.\"><span class=\"Y2IQFc\" lang=\"es\">A conservar los datos personales durante el tiempo estrictamente necesario para la finalidad concreta por la que han sido proporcionados.<\/span><\/pre>\n<p>&nbsp;<\/li>\n<\/ul>\n<p><\/p>\n<h2 align=\"JUSTIFY\">QUIEN ES EL RESPONSABLE DE SUS DATOS PERSONALES<\/h2>\n<p><\/p>\n<table border=\"1\" width=\"566\" cellspacing=\"0\" cellpadding=\"7\">\n<tbody>\n<tr valign=\"TOP\">\n<td width=\"164\">\n<p align=\"JUSTIFY\"><span lang=\"ca-ES\">Nombre de la empresa<\/span><\/p>\n<\/td>\n<td width=\"372\">\n<p align=\"JUSTIFY\"><span lang=\"ca-ES\">Finques Tarragona Monlleo, S.L.<\/span><\/p>\n<\/td>\n<\/tr>\n<tr valign=\"TOP\">\n<td width=\"164\">\n<p align=\"JUSTIFY\"><span lang=\"ca-ES\">NIF<\/span><\/p>\n<\/td>\n<td width=\"372\">\n<p align=\"JUSTIFY\"><span lang=\"ca-ES\">B55551808<\/span><\/p>\n<\/td>\n<\/tr>\n<tr valign=\"TOP\">\n<td width=\"164\">\n<p align=\"JUSTIFY\"><span lang=\"ca-ES\">Direcci\u00f3n postal<\/span><\/p>\n<\/td>\n<td width=\"372\">\n<p align=\"JUSTIFY\"><span lang=\"ca-ES\">Rbla. Nova, 18, Baixos, 43004, Tarragona<\/span><\/p>\n<\/td>\n<\/tr>\n<\/tbody>\n<\/table>\n<p><\/p>\n<h2 align=\"JUSTIFY\"><span lang=\"ca-ES\"><br \/>\nQU\u00c9 ES UN DATO PERSONAL Y EL TRATAMIENTO DE DATOS PERSONALES<br \/>\n<\/span><\/h2>\n<p>Un dato personal es toda informaci\u00f3n sobre una persona f\u00edsica identificada o identificable. Se considera persona f\u00edsica identificable a toda persona cuya identidad pueda determinarse directa o indirectamente, en particular mediante un identificador, como por ejemplo un nombre, un n\u00famero de identificaci\u00f3n, datos de localizaci\u00f3n, un identificador online o uno o varios elementos propios de la identidad f\u00edsica, fisiol\u00f3gica, gen\u00e9tica, ps\u00edquica, econ\u00f3mica, cultural o social de esa persona.<\/p>\n<p>Asimismo, el tratamiento de datos personales implica cualquier operaci\u00f3n o conjunto de operaciones realizadas sobre datos personales o conjuntos de datos personales, ya sea por procedimientos automatizados o no, como la recogida, registro, organizaci\u00f3n, estructuraci\u00f3n, conservaci\u00f3n, adaptaci\u00f3n o modificaci\u00f3n, extracci\u00f3n, consulta, utilizaci\u00f3n, comunicaci\u00f3n por transmisi\u00f3n, difusi\u00f3n o cualquier otra forma de habilitaci\u00f3n de acceso, cotejo o interconexi\u00f3n.<\/p>\n<p>&nbsp;<\/p>\n<h2 align=\"JUSTIFY\"><span lang=\"ca-ES\"><br \/>\nQU\u00c9 TRATAMIENTOS REALIZAMOS SOBRE SUS DATOS PERSONALES Y PARA QU\u00c9 FINALIDADES<br \/>\n<\/span><\/h2>\n<p><\/p>\n<ul>\n<li>\n<p align=\"JUSTIFY\">Solicitud de informaci\u00f3n por parte del usuario<\/p>\n<\/li>\n<\/ul>\n<p><\/p>\n<p align=\"JUSTIFY\">Gestionar la solicitud de informaci\u00f3n remitida por parte del usuario a trav\u00e9s del formulario de contacto y\/o direcci\u00f3n de correo electr\u00f3nico, correo postal y\/o n\u00famero de tel\u00e9fono facilitado a trav\u00e9s del sitio web.<\/p>\n<ul>\n<li>\n<p align=\"JUSTIFY\">Suscripci\u00f3n a newsletter<\/p>\n<\/li>\n<\/ul>\n<p><\/p>\n<p align=\"JUSTIFY\">Gestionar la suscripci\u00f3n al env\u00edo de newsletter<\/p>\n<ul>\n<li>\n<p align=\"JUSTIFY\">Trabajar con nosotros mediante el env\u00edo del curr\u00edculum<\/p>\n<\/li>\n<\/ul>\n<p><\/p>\n<p align=\"JUSTIFY\">Gesti\u00f3n de CV recibidos a trav\u00e9s del formulario disponible en el sitio web. As\u00ed como de los v\u00eddeos de presentaci\u00f3n adjuntados a la solicitud.<\/p>\n<ul>\n<li>\n<p align=\"JUSTIFY\">Alta y acceso al perfil de usuario<\/p>\n<\/li>\n<\/ul>\n<p><\/p>\n<p align=\"JUSTIFY\">Gesti\u00f3n del alta y del acceso al portal de usuario mediante la correspondiente cuenta de usuario y contrase\u00f1a.<\/p>\n<ul>\n<li>\n<p align=\"JUSTIFY\">Gesti\u00f3n de comentarios en el blog.<\/p>\n<\/li>\n<\/ul>\n<p><\/p>\n<p align=\"JUSTIFY\">Gestionar el env\u00edo y recepci\u00f3n de los comentarios que el usuario haya publicado en el blog.<\/p>\n<h2 align=\"JUSTIFY\"><span lang=\"ca-ES\"><br \/>\nQU\u00c9 DATOS PERSONALES CAPTAMOS<br \/>\n<\/span><\/h2>\n<p><\/p>\n<p align=\"JUSTIFY\">A trav\u00e9s de nuestra p\u00e1gina web podemos recabar datos personales para diferentes finalidades:<\/p>\n<ul>\n<li>\n<p align=\"JUSTIFY\">Solicitud de informaci\u00f3n por parte del usuario<\/p>\n<\/li>\n<\/ul>\n<p><\/p>\n<p align=\"JUSTIFY\">Captaremos su nombre, direcci\u00f3n de correo electr\u00f3nico, n\u00famero de tel\u00e9fono, as\u00ed como aquellos datos personales que nos haya facilitado con motivo de la consulta planteada.<\/p>\n<ul>\n<li>\n<p align=\"JUSTIFY\">Suscripci\u00f3n a newsletter<\/p>\n<\/li>\n<\/ul>\n<p><\/p>\n<p align=\"JUSTIFY\">Captaremos su direcci\u00f3n de correo electr\u00f3nico.<\/p>\n<ul>\n<li>\n<p align=\"JUSTIFY\">Trabaja con nosotros mediante el env\u00edo de curr\u00edculum<\/p>\n<\/li>\n<\/ul>\n<p><\/p>\n<p align=\"JUSTIFY\">Captaremos su nombre y apellidos, direcci\u00f3n de correo electr\u00f3nico, n\u00famero de tel\u00e9fono, experiencia laboral y acad\u00e9mica, as\u00ed como cualquier otra informaci\u00f3n adicional que haya incluido en su CV. Igualmente, captaremos su imagen mediante el v\u00eddeo de presentaci\u00f3n que nos haya facilitado.<\/p>\n<ul>\n<li>\n<p align=\"JUSTIFY\">Alta y acceso al perfil de usuario<\/p>\n<\/li>\n<\/ul>\n<p><\/p>\n<p align=\"JUSTIFY\">Direcci\u00f3n de correo electr\u00f3nico y contrase\u00f1a, as\u00ed como cualquier otro dato que se haya facilitado con el fin de crear su cuenta o perfil.<\/p>\n<ul>\n<li>\n<p align=\"JUSTIFY\">Gesti\u00f3n de comentarios en el blog.<\/p>\n<\/li>\n<\/ul>\n<p><\/p>\n<p align=\"JUSTIFY\">Cualquier dato que se haya facilitado al publicar el correspondiente comentario.<\/p>\n<p><\/p>\n<p align=\"JUSTIFY\">Dependiendo de la finalidad por la que se aporten los datos, ser\u00e1n requeridos los datos estrictamente necesarios.<\/p>\n<p><\/p>\n<p align=\"JUSTIFY\">Es importante que el usuario sea consciente de los datos que aporta y la finalidad por la que lo hace porque en el momento que los facilita, est\u00e1 aceptando que recopilamos, almacenamos y utilicemos estos datos para la finalidad requerida, pudiendo en cualquier momento retirar el consentimiento prestado por las camas oportunas siendo el consentimiento del interesado la base legal y legitimaci\u00f3n para la misma.<\/p>\n<h2 align=\"JUSTIFY\"><span lang=\"ca-ES\"><br \/>\nQUINA \u00c9S LA LEGITIMACI\u00d3 PER Al TRACTAMENT DE LES DADES PERSONALS<\/span><\/h2>\n<p><\/p>\n<p align=\"JUSTIFY\"><span lang=\"ca-ES\">D&#8217;acord amb la normativa vigent en mat\u00e8ria de protecci\u00f3 de dades, necessitem una base de legitimaci\u00f3 per al tractament de les seves dades personals. La base de legitimaci\u00f3 \u00e9s el seu consentiment. <\/span><\/p>\n<h2 align=\"JUSTIFY\"><span lang=\"ca-ES\"><br \/>\nQUINS DRETS T\u00c9 SOBRE LES DADES PERSONALS APORTADES<\/span><\/h2>\n<p><\/p>\n<p align=\"JUSTIFY\"><span lang=\"ca-ES\">Com a usuari, pot exercitar els seg\u00fcents drets: <\/span><\/p>\n<ul>\n<li>\n<p align=\"JUSTIFY\"><span lang=\"ca-ES\">Dret d&#8217;acc\u00e9s<\/span><span lang=\"ca-ES\">: T\u00e9 dret a obtenir per part de l&#8217;empresa confirmaci\u00f3 de si s&#8217;estan tractant o no les seves dades personals que, i si escau, quines dades tracta.<\/span><\/p>\n<\/li>\n<li>\n<p align=\"JUSTIFY\"><span lang=\"ca-ES\">Dret de rectificaci\u00f3<\/span><span lang=\"ca-ES\">: T\u00e9 dret a obtenir per part de Finques Tarragona Monlleo, S.L., la rectificaci\u00f3 de les dades personals inexactes que li concerneixin. En la sol\u00b7licitud de rectificaci\u00f3 haur\u00e0 d&#8217;indicar les dades que desitja que es modifiquin.<\/span><\/p>\n<\/li>\n<li>\n<p align=\"JUSTIFY\"><span lang=\"ca-ES\">Dret d&#8217;oposici\u00f3<\/span><span lang=\"ca-ES\">: T\u00e9 dret a oposar-se a qualsevol moment, per motius relacionats amb la seva situaci\u00f3 particular, al fet que dades personals que li concerneixin siguin objecte d&#8217;un tractament basat en l&#8217;inter\u00e8s leg\u00edtim de l&#8217;empresa. En aquest cas, l&#8217;empresa deixar\u00e0 de tractar les dades personals, tret que acreditem motius leg\u00edtims imperiosos per al tractament que prevalguin sobre els seus interessos, drets i llibertats, o per a la formulaci\u00f3, l&#8217;exercici o la defensa de reclamacions.<\/span><\/p>\n<\/li>\n<li>\n<p align=\"JUSTIFY\"><span lang=\"ca-ES\">Dret de supressi\u00f3<\/span><span lang=\"ca-ES\">: T\u00e9 dret a obtenir per part de Finques Tarragona Monlleo, S.L. la supressi\u00f3 de les dades personals que li concerneixin.<\/span><\/p>\n<\/li>\n<li>\n<p align=\"JUSTIFY\"><span lang=\"ca-ES\">Dret a la portabilitat de les dades<\/span><span lang=\"ca-ES\">: T\u00e9 dret al fet que l&#8217;empresa transfereixi les seves dades personals a un altre responsable del tractament. Solament \u00e9s possible exercir aquest dret quan el tractament estigui basat en l&#8217;execuci\u00f3 d&#8217;un contracte o en el seu consentiment i el tractament es realitzi per mitjans automatitzats.<\/span><\/p>\n<\/li>\n<li>\n<p align=\"JUSTIFY\"><span lang=\"ca-ES\">Dret a la limitaci\u00f3 del tractament<\/span><span lang=\"ca-ES\">: T\u00e9 dret a sol\u00b7licitar-nos que suspenguem el tractament de les seves dades quan: impugni l&#8217;exactitud de les dades, mentre Finques Tarragona Monlleo, S.L. verifica aquesta exactitud; hagi exercit el dret d&#8217;oposici\u00f3 al tractament de les seves dades, mentre que es verifica si els motius leg\u00edtims de Finques Tarragona Monlleo, S.L. prevalen sobre els seus com interessat.<\/span><\/p>\n<\/li>\n<\/ul>\n<p><\/p>\n<p align=\"JUSTIFY\"><span lang=\"ca-ES\">En qualsevol moment, podr\u00e0 exercitar aquests Drets, mitjan\u00e7ant un escrit i acreditant la seva personalitat dirigit al responsable del tractament a l&#8217;adre\u00e7a assenyalada anteriorment, o a trav\u00e9s de l&#8217;adre\u00e7a de correu electr\u00f2nic: emma.monlleo@finquestarragona.com<\/span><\/p>\n<p><\/p>\n<p align=\"JUSTIFY\"><span lang=\"ca-ES\">A m\u00e9s, podr\u00e0 presentar una reclamaci\u00f3 davant l&#8217;autoritat de control, en aquest cas, l&#8217;Ag\u00e8ncia Espanyola de Protecci\u00f3 de Dades, si considera que el tractament de dades personals infringeix la legislaci\u00f3 aplicable.<\/span><\/p>\n<h2 align=\"JUSTIFY\"><span lang=\"ca-ES\"><br \/>\nSEGURETAT I EMMAGATZEMATGE DE LES DADES<\/span><\/h2>\n<p><\/p>\n<p align=\"JUSTIFY\"><span lang=\"ca-ES\">Mantindrem les dades durant el temps estrictament necessari per a la prestaci\u00f3 del servei sol\u00b7licitat i mentre el titular no sol\u00b7liciti la seva eliminaci\u00f3, adoptant les mesures adequades de car\u00e0cter t\u00e8cnic i organitzatiu contra el tractament no autoritzat o il\u00b7l\u00edcit i contra la seva p\u00e8rdua, destrucci\u00f3 o dany accidentals, fent tot el possible per protegir-los i mantenir-los de forma segura.<\/span><\/p>\n<h2 align=\"JUSTIFY\"><span lang=\"ca-ES\"><br \/>\nQUINES DADES PERSONALS COMPARTIM AMB TERCERS<\/span><\/h2>\n<p><\/p>\n<p align=\"JUSTIFY\"><span lang=\"ca-ES\">No es preveuen cessions de dades excepte en aquells casos en qu\u00e8 existeixi una obligaci\u00f3 legal o comunicaci\u00f3 necess\u00e0ria per poder prestar-li el servei sol\u00b7licitat adequadament. No hi ha previsi\u00f3 de transfer\u00e8ncies de dades internacionals.<\/span><\/p>\n\t\t\t\t\t\t\t\t<\/div>\n\t\t\t\t<\/div>\n\t\t\t\t<\/div>\n\t\t\t\t<\/div>\n\t\t\t\t<\/div>\n\t\t\t\t\t<\/div>\n\t\t\t\t<\/div>\n\t\t\t\t<\/div>\n\t\t","protected":false},"excerpt":{"rendered":"<p>PROTECCI\u00d3N DE DATOS FINQUES TARRAGONA MONLLEO S.L. Somos una empresa en la que la transparencia en la informaci\u00f3n es fundamental para establecer una relaci\u00f3n de confianza con las personas que forman nuestro proyecto y con nuestros proveedores y clientes, siendo la protecci\u00f3n de los datos personales de las personas que conf\u00edan en nosotros de vital [&hellip;]<\/p>\n","protected":false},"author":1,"featured_media":0,"parent":0,"menu_order":0,"comment_status":"closed","ping_status":"closed","template":"elementor_header_footer","meta":{"footnotes":""},"class_list":["post-12857","page","type-page","status-publish","hentry"],"_links":{"self":[{"href":"https:\/\/www.finquestarragona.com\/es\/wp-json\/wp\/v2\/pages\/12857","targetHints":{"allow":["GET"]}}],"collection":[{"href":"https:\/\/www.finquestarragona.com\/es\/wp-json\/wp\/v2\/pages"}],"about":[{"href":"https:\/\/www.finquestarragona.com\/es\/wp-json\/wp\/v2\/types\/page"}],"author":[{"embeddable":true,"href":"https:\/\/www.finquestarragona.com\/es\/wp-json\/wp\/v2\/users\/1"}],"replies":[{"embeddable":true,"href":"https:\/\/www.finquestarragona.com\/es\/wp-json\/wp\/v2\/comments?post=12857"}],"version-history":[{"count":5,"href":"https:\/\/www.finquestarragona.com\/es\/wp-json\/wp\/v2\/pages\/12857\/revisions"}],"predecessor-version":[{"id":13252,"href":"https:\/\/www.finquestarragona.com\/es\/wp-json\/wp\/v2\/pages\/12857\/revisions\/13252"}],"wp:attachment":[{"href":"https:\/\/www.finquestarragona.com\/es\/wp-json\/wp\/v2\/media?parent=12857"}],"curies":[{"name":"wp","href":"https:\/\/api.w.org\/{rel}","templated":true}]}}