{"id":13225,"date":"2025-06-02T15:12:04","date_gmt":"2025-06-02T13:12:04","guid":{"rendered":"https:\/\/www.finquestarragona.com\/aviso-legal\/"},"modified":"2025-12-11T13:32:01","modified_gmt":"2025-12-11T12:32:01","slug":"aviso-legal","status":"publish","type":"page","link":"https:\/\/www.finquestarragona.com\/es\/aviso-legal\/","title":{"rendered":"Aviso legal"},"content":{"rendered":"\t\t<div data-elementor-type=\"wp-page\" data-elementor-id=\"13225\" class=\"elementor elementor-13225 elementor-10355\" data-elementor-post-type=\"page\">\n\t\t\t\t<div class=\"elementor-element elementor-element-e29809a e-con-full e-flex e-con e-parent\" data-id=\"e29809a\" data-element_type=\"container\" data-e-type=\"container\" data-settings=\"{&quot;background_background&quot;:&quot;classic&quot;}\">\n\t\t<div class=\"elementor-element elementor-element-dec6702 e-flex e-con-boxed e-con e-child\" data-id=\"dec6702\" data-element_type=\"container\" data-e-type=\"container\" data-settings=\"{&quot;background_background&quot;:&quot;classic&quot;}\">\n\t\t\t\t\t<div class=\"e-con-inner\">\n\t\t\t\t\t<\/div>\n\t\t\t\t<\/div>\n\t\t\t\t<\/div>\n\t\t<div class=\"elementor-element elementor-element-736e8cf e-flex e-con-boxed e-con e-parent\" data-id=\"736e8cf\" data-element_type=\"container\" data-e-type=\"container\" data-settings=\"{&quot;background_background&quot;:&quot;classic&quot;}\">\n\t\t\t\t\t<div class=\"e-con-inner\">\n\t\t<div class=\"elementor-element elementor-element-12bc200 e-con-full e-flex e-con e-child\" data-id=\"12bc200\" data-element_type=\"container\" data-e-type=\"container\" data-settings=\"{&quot;background_background&quot;:&quot;classic&quot;}\">\n\t\t<div class=\"elementor-element elementor-element-1f4f36e e-con-full e-flex e-con e-child\" data-id=\"1f4f36e\" data-element_type=\"container\" data-e-type=\"container\">\n\t\t<div class=\"elementor-element elementor-element-c7bbcdb e-con-full e-flex e-con e-child\" data-id=\"c7bbcdb\" data-element_type=\"container\" data-e-type=\"container\">\n\t\t\t\t<div class=\"elementor-element elementor-element-2330e36 elementor-view-default elementor-widget elementor-widget-icon\" data-id=\"2330e36\" data-element_type=\"widget\" data-e-type=\"widget\" data-widget_type=\"icon.default\">\n\t\t\t\t<div class=\"elementor-widget-container\">\n\t\t\t\t\t\t\t<div class=\"elementor-icon-wrapper\">\n\t\t\t<div class=\"elementor-icon\">\n\t\t\t<svg xmlns=\"http:\/\/www.w3.org\/2000\/svg\" xmlns:xlink=\"http:\/\/www.w3.org\/1999\/xlink\" xmlns:serif=\"http:\/\/www.serif.com\/\" width=\"100%\" height=\"100%\" viewBox=\"0 0 683 683\" xml:space=\"preserve\" style=\"fill-rule:evenodd;clip-rule:evenodd;stroke-linejoin:round;stroke-miterlimit:2;\">    <g id=\"g2265\" transform=\"matrix(1.33333,0,0,-1.33333,0,682.667)\">        <g id=\"g2267\">            <g id=\"g2269\">                <clipPath id=\"_clip1\">                    <rect x=\"0\" y=\"0\" width=\"512\" height=\"512\"><\/rect>                <\/clipPath>                <g clip-path=\"url(#_clip1)\">                    <g id=\"g2275\" transform=\"matrix(1,0,0,1,266.252,281.06)\">                        <path d=\"M10.607,10.607C32.105,-10.892 39.618,-41.019 33.254,-68.609L109.602,-144.956C112.415,-147.769 113.995,-151.585 113.995,-155.563L113.995,-197.989C113.995,-205.139 108.948,-211.295 101.937,-212.698L66.582,-219.77C61.664,-220.753 56.58,-219.214 53.033,-215.668L-30.386,-132.249C-57.976,-138.612 -88.102,-131.101 -109.602,-109.6C-142.797,-76.405 -142.796,-22.587 -109.602,10.607C-76.408,43.801 -22.588,43.802 10.607,10.607ZM-10.607,-10.607C-32.086,10.872 -66.91,10.872 -88.388,-10.607C-109.867,-32.085 -109.867,-66.909 -88.388,-88.388C-72.882,-103.894 -50.435,-108.127 -31.061,-101.246C-25.608,-99.309 -19.527,-100.682 -15.434,-104.774L68.57,-188.778L83.995,-185.692L83.995,-161.776L5.779,-83.561C1.687,-79.468 0.314,-73.387 2.251,-67.933C9.133,-48.559 4.898,-26.112 -10.607,-10.607Z\"><\/path>                    <\/g>                    <g id=\"g2279\" transform=\"matrix(1,0,0,1,202.612,231.564)\">                        <path d=\"M10.607,-10.606C4.753,-16.46 -4.752,-16.461 -10.606,-10.607C-16.46,-4.753 -16.461,4.752 -10.607,10.606L3.535,24.749C9.389,30.603 18.894,30.604 24.748,24.75C30.602,18.896 30.603,9.391 24.749,3.537L10.607,-10.606Z\"><\/path>                    <\/g>                    <g id=\"g2283\" transform=\"matrix(1,0,0,1,36,15)\">                        <path d=\"M0,-15C-8.279,-15 -15,-8.279 -15,-0C-15,8.279 -8.279,15 -0,15L440,15C448.279,15 455,8.279 455,-0C455,-8.279 448.279,-15 440,-15L0,-15Z\"><\/path>                    <\/g>                    <g id=\"g2287\" transform=\"matrix(1,0,0,1,436,15)\">                        <path d=\"M15,-0C15,-8.279 8.279,-15 -0,-15C-8.279,-15 -15,-8.279 -15,0L-15,296.564C-15,304.843 -8.279,311.564 -0,311.564C8.279,311.564 15,304.843 15,296.564L15,-0Z\"><\/path>                    <\/g>                    <g id=\"g2291\" transform=\"matrix(1,0,0,1,76,311.565)\">                        <path d=\"M-15,-0C-15,8.279 -8.279,15 -0,15C8.279,15 15,8.279 15,-0L15,-296.564C15,-304.843 8.279,-311.564 -0,-311.564C-8.279,-311.564 -15,-304.843 -15,-296.564L-15,-0Z\"><\/path>                    <\/g>                    <g id=\"g2295\" transform=\"matrix(1,0,0,1,466.967,296.999)\">                        <path d=\"M0,-15C-8.543,-15 -17.191,-12.574 -24.848,-7.496L-210.967,115.998L-397.08,-7.491C-417.786,-21.239 -445.712,-15.584 -459.459,5.12L-459.463,5.125C-473.202,25.838 -467.549,53.762 -446.843,67.502L-235.848,207.497C-220.774,217.501 -201.159,217.501 -186.088,207.498L24.91,67.501C45.613,53.762 51.267,25.838 37.529,5.126L37.525,5.119C28.863,-7.925 14.567,-15 0,-15ZM0,15C4.863,15 9.638,17.358 12.531,21.712C17.108,28.617 15.223,37.925 8.322,42.505L-202.676,182.501C-207.699,185.835 -214.236,185.835 -219.26,182.501L-430.256,42.504C-437.158,37.924 -439.043,28.617 -434.465,21.711C-429.881,14.812 -420.575,12.919 -413.674,17.501L-219.26,146.499C-214.234,149.834 -207.7,149.834 -202.674,146.499L-8.268,17.506C-5.719,15.816 -2.843,15 0,15Z\"><\/path>                    <\/g>                <\/g>            <\/g>        <\/g>    <\/g><\/svg>\t\t\t<\/div>\n\t\t<\/div>\n\t\t\t\t\t\t<\/div>\n\t\t\t\t<\/div>\n\t\t\t\t<div class=\"elementor-element elementor-element-3a69f47 titseccion elementor-widget elementor-widget-heading\" data-id=\"3a69f47\" data-element_type=\"widget\" data-e-type=\"widget\" data-widget_type=\"heading.default\">\n\t\t\t\t<div class=\"elementor-widget-container\">\n\t\t\t\t\t<h1 class=\"elementor-heading-title elementor-size-default\"><strong>AVISO LEGAL<\/strong> FINQUES TARRAGONA MONLLEO S.L.<\/h1>\t\t\t\t<\/div>\n\t\t\t\t<\/div>\n\t\t\t\t<\/div>\n\t\t\t\t<\/div>\n\t\t<div class=\"elementor-element elementor-element-e887ae7 e-con-full e-flex e-con e-child\" data-id=\"e887ae7\" data-element_type=\"container\" data-e-type=\"container\">\n\t\t<div class=\"elementor-element elementor-element-e51d6ed e-con-full e-flex e-con e-child\" data-id=\"e51d6ed\" data-element_type=\"container\" data-e-type=\"container\">\n\t\t\t\t<div class=\"elementor-element elementor-element-341158e elementor-widget elementor-widget-text-editor\" data-id=\"341158e\" data-element_type=\"widget\" data-e-type=\"widget\" data-widget_type=\"text-editor.default\">\n\t\t\t\t<div class=\"elementor-widget-container\">\n\t\t\t\t\t\t\t\t\t<p align=\"JUSTIFY\">En cumplimiento de la Ley 34\/2002, de 11 de julio, de Servicios de la Sociedad de la Informaci\u00f3n y de Comercio Electr\u00f3nico (LSSI-CE), la empresa le informa que es titular del sitio web. De acuerdo con la exigencia del art\u00edculo 10 de la citada Ley, informa de los siguientes datos:<\/p>\n<p><\/p>\n<p align=\"JUSTIFY\">El titular de este sitio web es:<\/p>\n<table border=\"1\" width=\"566\" cellspacing=\"0\" cellpadding=\"7\">\n<tbody>\n<tr valign=\"TOP\">\n<td width=\"136\">\n<p lang=\"es-ES\" align=\"JUSTIFY\">Nombre de la empresa<\/p>\n<\/td>\n<td width=\"400\">\n<p lang=\"es-ES\" align=\"JUSTIFY\">Finques Tarragona Monlleo, S.L.<\/p>\n<\/td>\n<\/tr>\n<tr valign=\"TOP\">\n<td width=\"136\">\n<p lang=\"es-ES\" align=\"JUSTIFY\">NIF<\/p>\n<\/td>\n<td width=\"400\">\n<p lang=\"es-ES\" align=\"JUSTIFY\">B55551808<\/p>\n<\/td>\n<\/tr>\n<tr valign=\"TOP\">\n<td width=\"136\">\n<p lang=\"es-ES\" align=\"JUSTIFY\">Direcci\u00f3n<\/p>\n<\/td>\n<td width=\"400\">\n<p lang=\"es-ES\" align=\"JUSTIFY\">Rbla. Nova, 18, Baixos, 43004, Tarragona<\/p>\n<\/td>\n<\/tr>\n<tr valign=\"TOP\">\n<td width=\"136\">\n<p lang=\"es-ES\" align=\"JUSTIFY\">Inscripci\u00f3n en el registro mercantil<\/p>\n<\/td>\n<td width=\"400\">\n<p lang=\"es-ES\" align=\"JUSTIFY\">N\u00famero de inscripci\u00f3n<\/p>\n<\/td>\n<\/tr>\n<\/tbody>\n<\/table>\n<p><\/p>\n<h2 align=\"JUSTIFY\">\nUSUARIOS<\/h2>\n<p><\/p>\n<p align=\"JUSTIFY\">El acceso y\/o uso de este portal le atribuye la condici\u00f3n de USUARIO, que acepta, desde dicho acceso y\/o uso, las Condiciones Generales de Uso aqu\u00ed reflejadas. Las citadas Condiciones ser\u00e1n de aplicaci\u00f3n independientemente de las Condiciones Generales de Contrataci\u00f3n que en su caso resulten de obligado cumplimiento.<\/p>\n<h2 align=\"JUSTIFY\">\nUSO DEL PORTAL<\/h2>\n<p><\/p>\n<p align=\"JUSTIFY\">La p\u00e1gina web proporciona el acceso a multitud de informaciones, servicios, programas o datos (en adelante, \u201clos contenidos\u201d) en Internet pertenecientes a Finques Tarragona Monlleo, S.L. o a sus licenciantes a los que el USUARIO pueda tener acceso. El USUARIO asume la responsabilidad del uso del portal. Dicha responsabilidad se extiende al registro que fuese necesario para acceder a determinados servicios o contenidos.<\/p>\n<p><\/p>\n<p align=\"JUSTIFY\">En dicho registro el USUARIO ser\u00e1 responsable de aportar informaci\u00f3n veraz y l\u00edcita. Como consecuencia de este registro, al USUARIO se le puede proporcionar una contrase\u00f1a de la que ser\u00e1 responsable, comprometi\u00e9ndose a hacer un uso diligente y confidencial de la misma. El USUARIO se compromete a hacer un uso adecuado de los contenidos y servicios que Finques Tarragona Monlleo, S.L. ofrece a trav\u00e9s de su portal y con car\u00e1cter enunciativo pero no limitativo, a no emplearlos para:<\/p>\n<ol type=\"i\">\n<li>\n<p align=\"JUSTIFY\">incurrir en actividades il\u00edcitas, ilegales o contrarias a la buena fe y al orden p\u00fablico<\/p>\n<\/li>\n<li>\n<p align=\"JUSTIFY\">difundir contenidos o propaganda de car\u00e1cter racista, xen\u00f3fobo, pornogr\u00e1fico-ilegal, de apolog\u00eda del terrorismo o atentatorio contra los derechos humanos<\/p>\n<\/li>\n<li>\n<p align=\"JUSTIFY\">provocar da\u00f1os en los sistemas f\u00edsicos y l\u00f3gicos de Finques Tarragona Monlleo, S.L., de sus proveedores o de terceras personas, introducir o difundir en la red virus inform\u00e1ticos o cualesquiera otros sistemas f\u00edsicos o l\u00f3gicos que sean susceptibles de provocar los da\u00f1os anteriormente mencionados;<\/p>\n<\/li>\n<li>\n<p align=\"JUSTIFY\">intentar acceder y, en su caso, utilizar las cuentas de correo electr\u00f3nico de otros usuarios y modificar manipular sus mensajes. Finques Tarragona Monlleo, S.L. se reserva el derecho de retirar todos aquellos comentarios y aportaciones que vulneren el respeto a la dignidad de la persona, que sean discriminatorios, xen\u00f3fobos, racistas, pornogr\u00e1ficos, que atenten contra la juventud o la infancia, el orden o la seguridad p\u00fablica o que, a su juicio, no resultaran adecuados para su publicaci\u00f3n. En cualquier caso, Finques Tarragona Monlleo, S.L. no ser\u00e1 responsable de las opiniones vertidas por los usuarios a trav\u00e9s de los foros, chats, u otras herramientas de participaci\u00f3n.<\/p>\n<\/li>\n<\/ol>\n<p><\/p>\n<h2 align=\"JUSTIFY\">\nPROPIEDAD INTELECTUAL E INDUSTRIAL<\/h2>\n<p><\/p>\n<p align=\"JUSTIFY\">Finques Tarragona Monlleo, S.L. ser\u00e1 titular de todos los derechos de propiedad intelectual e industrial de su p\u00e1gina web, as\u00ed como de los elementos contenidos en la misma (a t\u00edtulo enunciativo, im\u00e1genes, sonido, audio, v\u00eddeo, software o textos; marcas o logotipos, combinaciones de colores, estructura y dise\u00f1o, selecci\u00f3n de materiales usados, programas de ordenador necesarios para su funcionamiento, acceso y uso, etc.).<\/p>\n<p><\/p>\n<p align=\"JUSTIFY\">Todos los derechos reservados. En virtud de lo dispuesto en los art\u00edculos 8 y 32.1, p\u00e1rrafo segundo, de la Ley de Propiedad Intelectual, quedan expresamente prohibidas la reproducci\u00f3n, la distribuci\u00f3n y la comunicaci\u00f3n p\u00fablica, incluida su modalidad de puesta a disposici\u00f3n, de la totalidad o parte de los contenidos de esta p\u00e1gina web, con fines comerciales, en cualquier soporte y por cualquier medio t\u00e9cnico, sin la autorizaci\u00f3n de Finques Tarragona Monlleo, S.L.. El USUARIO se compromete a respetar los derechos de Propiedad Intelectual e Industrial titularidad de Finques Tarragona Monlleo, S.L.. Podr\u00e1 visualizar los elementos del portal e incluso imprimirlos, copiarlos y almacenarlos en el disco duro de su ordenador o en cualquier otro soporte f\u00edsico siempre y cuando sea, \u00fanica y exclusivamente, para su uso personal y privado. El USUARIO deber\u00e1 abstenerse de suprimir, alterar, eludir o manipular cualquier dispositivo de protecci\u00f3n o sistema de seguridad que estuviera instalado en el las p\u00e1ginas de Finques Tarragona Monlleo, S.L..<\/p>\n<h2 align=\"JUSTIFY\">\nEXCLUSI\u00d3N DE GARANT\u00cdAS Y RESPONSABILIDAD<\/h2>\n<p><\/p>\n<p align=\"JUSTIFY\">Finques Tarragona Monlleo, S.L. no se hace responsable, en ning\u00fan caso, de los da\u00f1os y perjuicios de cualquier naturaleza que pudieran ocasionar, a t\u00edtulo enunciativo: errores u omisiones en los contenidos, falta de disponibilidad del portal o la transmisi\u00f3n de virus o programas maliciosos o lesivos en los contenidos, a pesar de haber adoptado todas las medidas tecnol\u00f3gicas necesarias para evitarlo.<\/p>\n<h2 align=\"JUSTIFY\">\nMODIFICACIONES<\/h2>\n<p><\/p>\n<p align=\"JUSTIFY\">Finques Tarragona Monlleo, S.L. se reserva el derecho de efectuar sin previo aviso las modificaciones que considere oportunas en su portal, pudiendo cambiar, suprimir o a\u00f1adir tanto los contenidos y servicios que se presten a trav\u00e9s de la misma como la forma en la que \u00e9stos aparezcan presentados o localizados en su portal.<\/p>\n<h2 align=\"JUSTIFY\">\nENLACES<\/h2>\n<p><\/p>\n<p align=\"JUSTIFY\">En el caso de que en la p\u00e1gina web se dispusiesen enlaces o hiperv\u00ednculos hac\u00eda otros sitios de Internet, Finques Tarragona Monlleo, S.L. no ejercer\u00e1 ning\u00fan tipo de control sobre dichos sitios y contenidos. En ning\u00fan caso Finques Tarragona Monlleo, S.L. asumir\u00e1 responsabilidad alguna por los contenidos de alg\u00fan enlace perteneciente a un sitio web ajeno, ni garantizar\u00e1 la disponibilidad t\u00e9cnica, calidad, fiabilidad, exactitud, amplitud, veracidad, validez y constitucionalidad de cualquier material o informaci\u00f3n contenida en ninguno de dichos hiperv\u00ednculos u otros sitios de Internet.<\/p>\n<p><\/p>\n<p align=\"JUSTIFY\">Igualmente, la inclusi\u00f3n de estas conexiones externas no implicar\u00e1 ning\u00fan tipo de asociaci\u00f3n, fusi\u00f3n o participaci\u00f3n con las entidades conectadas.<\/p>\n<h2 align=\"JUSTIFY\">\nDERECHO DE EXCLUSI\u00d3N<\/h2>\n<p><\/p>\n<p align=\"JUSTIFY\">Finques Tarragona Monlleo, S.L. se reserva el derecho a denegar o retirar el acceso a portal y\/o los servicios ofrecidos sin necesidad de preaviso, a instancia propia o de un tercero, a aquellos usuarios que incumplan las presentes Condiciones Generales de Uso.<\/p>\n<h2 align=\"JUSTIFY\">\nGENERALIDADES<\/h2>\n<p><\/p>\n<p align=\"JUSTIFY\">Finques Tarragona Monlleo, S.L. perseguir\u00e1 el incumplimiento de las presentes condiciones, as\u00ed como cualquier utilizaci\u00f3n indebida de su portal ejerciendo todas las acciones civiles y penales que le puedan corresponder en derecho.<\/p>\n<h2 align=\"JUSTIFY\">\nMODIFICACI\u00d3N DE LAS PRESENTES CONDICIONES Y DURACI\u00d3N<\/h2>\n<p><\/p>\n<p align=\"JUSTIFY\">Finques Tarragona Monlleo, S.L. podr\u00e1 modificar en cualquier momento las condiciones aqu\u00ed determinadas, siendo debidamente publicadas como aqu\u00ed aparecen.<\/p>\n<p><\/p>\n<p align=\"JUSTIFY\">La vigencia de las citadas condiciones ir\u00e1 en funci\u00f3n de su exposici\u00f3n y estar\u00e1n vigentes hasta que sean modificadas por otras debidamente publicadas.<\/p>\n<h2 align=\"JUSTIFY\">\nLEGISLACI\u00d3N APLICABLE Y JURISDICCI\u00d3N<\/h2>\n<p><\/p>\n<p align=\"JUSTIFY\">La relaci\u00f3n entre Finques Tarragona Monlleo, S.L. y el USUARIO se regir\u00e1 por la normativa espa\u00f1ola vigente y cualquier controversia se someter\u00e1 a los Juzgados y tribunales de la ciudad anteriormente indicada.<\/p>\n\t\t\t\t\t\t\t\t<\/div>\n\t\t\t\t<\/div>\n\t\t\t\t<\/div>\n\t\t\t\t<\/div>\n\t\t\t\t<\/div>\n\t\t\t\t\t<\/div>\n\t\t\t\t<\/div>\n\t\t\t\t<\/div>\n\t\t","protected":false},"excerpt":{"rendered":"<p>AVISO LEGAL FINQUES TARRAGONA MONLLEO S.L. En cumplimiento de la Ley 34\/2002, de 11 de julio, de Servicios de la Sociedad de la Informaci\u00f3n y de Comercio Electr\u00f3nico (LSSI-CE), la empresa le informa que es titular del sitio web. De acuerdo con la exigencia del art\u00edculo 10 de la citada Ley, informa de los siguientes [&hellip;]<\/p>\n","protected":false},"author":1,"featured_media":0,"parent":0,"menu_order":0,"comment_status":"closed","ping_status":"closed","template":"","meta":{"footnotes":""},"class_list":["post-13225","page","type-page","status-publish","hentry"],"_links":{"self":[{"href":"https:\/\/www.finquestarragona.com\/es\/wp-json\/wp\/v2\/pages\/13225","targetHints":{"allow":["GET"]}}],"collection":[{"href":"https:\/\/www.finquestarragona.com\/es\/wp-json\/wp\/v2\/pages"}],"about":[{"href":"https:\/\/www.finquestarragona.com\/es\/wp-json\/wp\/v2\/types\/page"}],"author":[{"embeddable":true,"href":"https:\/\/www.finquestarragona.com\/es\/wp-json\/wp\/v2\/users\/1"}],"replies":[{"embeddable":true,"href":"https:\/\/www.finquestarragona.com\/es\/wp-json\/wp\/v2\/comments?post=13225"}],"version-history":[{"count":1,"href":"https:\/\/www.finquestarragona.com\/es\/wp-json\/wp\/v2\/pages\/13225\/revisions"}],"predecessor-version":[{"id":13226,"href":"https:\/\/www.finquestarragona.com\/es\/wp-json\/wp\/v2\/pages\/13225\/revisions\/13226"}],"wp:attachment":[{"href":"https:\/\/www.finquestarragona.com\/es\/wp-json\/wp\/v2\/media?parent=13225"}],"curies":[{"name":"wp","href":"https:\/\/api.w.org\/{rel}","templated":true}]}}